{"id":10,"date":"2015-12-17T21:20:02","date_gmt":"2015-12-17T21:20:02","guid":{"rendered":"http:\/\/www.iartmedia.com\/productora\/?page_id=10"},"modified":"2015-12-18T19:32:16","modified_gmt":"2015-12-18T19:32:16","slug":"videos","status":"publish","type":"page","link":"https:\/\/www.iartmedia.com\/productora\/videos\/","title":{"rendered":"Producciones de Video"},"content":{"rendered":"[vc_row][vc_column width=\u00bb1\/2&#8243;][vc_column_text]Edici\u00f3n de Videos:<\/p>\n<ul>\n<li>Institucionales \/ Promocionales<\/li>\n<li>Entrevistas \/ Reportajes<\/li>\n<li>Cat\u00e1logos en Video<\/li>\n<li>Empresariales Especialistas en:<br \/>\n Moda, Artistas, Modelos, Joyer\u00eda, Arquitectura, Culinario, Belleza, etc<\/li>\n<li>Edici\u00f3n, voz en off y post producci\u00f3n<\/li>\n<li>Edici\u00f3n de Video<\/li>\n<\/ul>\n<p>Excelente Imagen Producci\u00f3n Atractiva y de Impacto.<\/p>\n<p>Para mas detalles de este servicio, consultas o presupuestos s\u00edrvase hacer click en estos puntos de inter\u00e9s:<\/p>\n<div style=\"text-align: center;\"><a class=\"link_1\" href=\"http:\/\/www.iartmedia.com\/portfolio\/\" target=\"_blank\">[Ver Portafolio]<\/a><\/div>\n<div style=\"text-align: center;\"><a class=\"link_1\" href=\"http:\/\/iartmedia.com\/catalogo\/\" target=\"_blank\">[Cat\u00e1logo IAM]<\/a><\/div>\n<div style=\"text-align: center;\"><a class=\"link_1\" href=\"http:\/\/iartmedia.com\/contactenos.php\" target=\"_blank\">[Contactenos]<\/a><\/div>\n[\/vc_column_text][\/vc_column][vc_column width=\u00bb1\/2&#8243;][vc_column_text]\n<p><img decoding=\"async\" class=\"aligncenter wp-image-63 size-full\" src=\"http:\/\/www.iartmedia.com\/productora\/wp-content\/uploads\/videos_baner1.jpg\" alt=\"\" width=\"100%\" srcset=\"https:\/\/www.iartmedia.com\/productora\/wp-content\/uploads\/videos_baner1.jpg 920w, https:\/\/www.iartmedia.com\/productora\/wp-content\/uploads\/videos_baner1-252x300.jpg 252w, https:\/\/www.iartmedia.com\/productora\/wp-content\/uploads\/videos_baner1-860x1024.jpg 860w, https:\/\/www.iartmedia.com\/productora\/wp-content\/uploads\/videos_baner1-800x952.jpg 800w, https:\/\/www.iartmedia.com\/productora\/wp-content\/uploads\/videos_baner1-500x595.jpg 500w\" sizes=\"(max-width: 920px) 100vw, 920px\" \/><\/p>\n[\/vc_column_text][\/vc_column][\/vc_row]\n","protected":false},"excerpt":{"rendered":"<p>[vc_row][vc_column width=\u00bb1\/2&#8243;][vc_column_text]Edici\u00f3n de Videos: Institucionales \/ Promocionales Entrevistas \/ Reportajes Cat\u00e1logos en Video Empresariales Especialistas en: Moda, Artistas, Modelos, Joyer\u00eda, Arquitectura, Culinario, Belleza, etc Edici\u00f3n, voz en off y post producci\u00f3n Edici\u00f3n de Video Excelente Imagen Producci\u00f3n Atractiva y de Impacto. Para mas detalles de este servicio, consultas o presupuestos s\u00edrvase hacer click en estos puntos de inter\u00e9s: [Ver Portafolio] [Cat\u00e1logo IAM] [Contactenos] [\/vc_column_text][\/vc_column][vc_column width=\u00bb1\/2&#8243;][vc_column_text] [\/vc_column_text][\/vc_column][\/vc_row]<\/p>\n","protected":false},"author":1,"featured_media":0,"parent":0,"menu_order":0,"comment_status":"closed","ping_status":"open","template":"","meta":{"footnotes":""},"_links":{"self":[{"href":"https:\/\/www.iartmedia.com\/productora\/wp-json\/wp\/v2\/pages\/10"}],"collection":[{"href":"https:\/\/www.iartmedia.com\/productora\/wp-json\/wp\/v2\/pages"}],"about":[{"href":"https:\/\/www.iartmedia.com\/productora\/wp-json\/wp\/v2\/types\/page"}],"author":[{"embeddable":true,"href":"https:\/\/www.iartmedia.com\/productora\/wp-json\/wp\/v2\/users\/1"}],"replies":[{"embeddable":true,"href":"https:\/\/www.iartmedia.com\/productora\/wp-json\/wp\/v2\/comments?post=10"}],"version-history":[{"count":3,"href":"https:\/\/www.iartmedia.com\/productora\/wp-json\/wp\/v2\/pages\/10\/revisions"}],"predecessor-version":[{"id":64,"href":"https:\/\/www.iartmedia.com\/productora\/wp-json\/wp\/v2\/pages\/10\/revisions\/64"}],"wp:attachment":[{"href":"https:\/\/www.iartmedia.com\/productora\/wp-json\/wp\/v2\/media?parent=10"}],"curies":[{"name":"wp","href":"https:\/\/api.w.org\/{rel}","templated":true}]}}