{"id":12,"date":"2015-12-17T21:20:17","date_gmt":"2015-12-17T21:20:17","guid":{"rendered":"http:\/\/www.iartmedia.com\/productora\/?page_id=12"},"modified":"2015-12-18T19:37:31","modified_gmt":"2015-12-18T19:37:31","slug":"post-produccion","status":"publish","type":"page","link":"https:\/\/www.iartmedia.com\/productora\/post-produccion\/","title":{"rendered":"Post &#8211; Producci\u00f3n"},"content":{"rendered":"[vc_row][vc_column width=\u00bb1\/2&#8243;][vc_column_text]Ofrecemos servicios de Post producci\u00f3n fotogr\u00e1fica y de video para su material.<\/p>\n<ul>\n<li>Postproducci\u00f3n: edici\u00f3n, retoque fotogr\u00e1fico, transformaci\u00f3n y Preparaci\u00f3n de su material Grafico.<\/li>\n<li>Post Producci\u00f3n: edici\u00f3n de Videos, voz en off<\/li>\n<li>Nos Especializamos en:\n<ul>\n<li>Video Institucional: Su empresa, Marca o Procesos.<\/li>\n<li>Video Promocional, Comercial o Publicitario de Moda.<\/li>\n<li>Video Shoot: making off, behind the scenes, foto collage, model clips.<\/li>\n<li>Video Reportajes, entrevistas, cobertura de eventos.<\/li>\n<li>REEL de modelos actores y artistas.<\/li>\n<\/ul>\n<\/li>\n<\/ul>\n<p>Excelente Imagen Producci\u00f3n Atractiva y de Impacto.<\/p>\n<p> Para ver algunos de nuestros ejemplos, visite nuestro<br \/> <a href=\"http:\/\/www.youtube.com\/iartmedia\" target=\"_blank\">canal de TV<\/a>.<\/p>\n<p>Para mas detalles de este servicio, consultas o presupuestos s\u00edrvase hacer click en estos puntos de inter\u00e9s:<\/p>\n<div style=\"text-align: center;\"><a class=\"link_1\" href=\"http:\/\/www.iartmedia.com\/portfolio\/\" target=\"_blank\">[Ver Portafolio]<\/a><\/div>\n<div style=\"text-align: center;\"><a class=\"link_1\" href=\"http:\/\/iartmedia.com\/catalogo\/\" target=\"_blank\">[Cat\u00e1logo IAM]<\/a><\/div>\n<div style=\"text-align: center;\"><a class=\"link_1\" href=\"http:\/\/iartmedia.com\/contactenos.php\" target=\"_blank\">[Contactenos]<\/a><\/div>\n[\/vc_column_text][\/vc_column][vc_column width=\u00bb1\/2&#8243;][vc_column_text]\n<p><img loading=\"lazy\" decoding=\"async\" class=\"aligncenter wp-image-66 size-full\" src=\"http:\/\/www.iartmedia.com\/productora\/wp-content\/uploads\/postp_baner1.jpg\" alt=\"\" width=\"920\" height=\"1095\" srcset=\"https:\/\/www.iartmedia.com\/productora\/wp-content\/uploads\/postp_baner1.jpg 920w, https:\/\/www.iartmedia.com\/productora\/wp-content\/uploads\/postp_baner1-252x300.jpg 252w, https:\/\/www.iartmedia.com\/productora\/wp-content\/uploads\/postp_baner1-860x1024.jpg 860w, https:\/\/www.iartmedia.com\/productora\/wp-content\/uploads\/postp_baner1-800x952.jpg 800w, https:\/\/www.iartmedia.com\/productora\/wp-content\/uploads\/postp_baner1-500x595.jpg 500w\" sizes=\"(max-width: 920px) 100vw, 920px\" \/><\/p>\n[\/vc_column_text][\/vc_column][\/vc_row]\n","protected":false},"excerpt":{"rendered":"<p>[vc_row][vc_column width=\u00bb1\/2&#8243;][vc_column_text]Ofrecemos servicios de Post producci\u00f3n fotogr\u00e1fica y de video para su material. Postproducci\u00f3n: edici\u00f3n, retoque fotogr\u00e1fico, transformaci\u00f3n y Preparaci\u00f3n de su material Grafico. Post Producci\u00f3n: edici\u00f3n de Videos, voz en off Nos Especializamos en: Video Institucional: Su empresa, Marca o Procesos. Video Promocional, Comercial o Publicitario de Moda. Video Shoot: making off, behind the scenes, foto collage, model clips. Video Reportajes, entrevistas, cobertura de eventos. REEL de modelos actores y artistas. Excelente Imagen Producci\u00f3n Atractiva y de Impacto. Para ver algunos de nuestros ejemplos, visite nuestro canal de TV. Para mas detalles de este servicio, consultas o presupuestos s\u00edrvase [&hellip;]<\/p>\n","protected":false},"author":1,"featured_media":0,"parent":0,"menu_order":0,"comment_status":"closed","ping_status":"closed","template":"","meta":{"footnotes":""},"_links":{"self":[{"href":"https:\/\/www.iartmedia.com\/productora\/wp-json\/wp\/v2\/pages\/12"}],"collection":[{"href":"https:\/\/www.iartmedia.com\/productora\/wp-json\/wp\/v2\/pages"}],"about":[{"href":"https:\/\/www.iartmedia.com\/productora\/wp-json\/wp\/v2\/types\/page"}],"author":[{"embeddable":true,"href":"https:\/\/www.iartmedia.com\/productora\/wp-json\/wp\/v2\/users\/1"}],"replies":[{"embeddable":true,"href":"https:\/\/www.iartmedia.com\/productora\/wp-json\/wp\/v2\/comments?post=12"}],"version-history":[{"count":4,"href":"https:\/\/www.iartmedia.com\/productora\/wp-json\/wp\/v2\/pages\/12\/revisions"}],"predecessor-version":[{"id":68,"href":"https:\/\/www.iartmedia.com\/productora\/wp-json\/wp\/v2\/pages\/12\/revisions\/68"}],"wp:attachment":[{"href":"https:\/\/www.iartmedia.com\/productora\/wp-json\/wp\/v2\/media?parent=12"}],"curies":[{"name":"wp","href":"https:\/\/api.w.org\/{rel}","templated":true}]}}