{"id":4,"date":"2015-12-17T21:19:13","date_gmt":"2015-12-17T21:19:13","guid":{"rendered":"http:\/\/www.iartmedia.com\/productora\/?page_id=4"},"modified":"2024-03-11T23:35:38","modified_gmt":"2024-03-11T23:35:38","slug":"pr_multimedia","status":"publish","type":"page","link":"https:\/\/www.iartmedia.com\/productora\/pr_multimedia\/","title":{"rendered":"Productora Multimedia"},"content":{"rendered":"[vc_row][vc_column width=\u00bb1\/2&#8243;][vc_column_text]\n<p style=\"text-align: justify;\">Realizamos producciones de videos y fotogr\u00e1ficas para promocionar empresas, productos, eventos, espect\u00e1culos, formaciones, etc.<\/p>\n<p style=\"text-align: justify;\">Somos una productora Audiovisual que nos preocupamos por producir im\u00e1genes y videos eficientes y directos, que logren crear el impacto que necesitamos comunicar, publicitar, educar, \u2026 en este sentido ofrecemos un servicio integral a las exigencias de nuestros clientes, adaptado a las nuevas tecnolog\u00edas. Contamos con un equipo consolidado y experimentado que cuida y desarrolla cada una de las fases del proceso: guion, producci\u00f3n, realizaci\u00f3n, edici\u00f3n y postproducci\u00f3n.<\/p>\n<p style=\"text-align: justify;\">Los productos que realizamos se adaptan f\u00e1cilmente a cualquier formato de comunicaci\u00f3n como son la difusi\u00f3n medi\u00e1tica, alojamiento en la web, v\u00eda intranet, presentaciones multimedia, representaci\u00f3n en stands y ferias, entre otros.<\/p>\n[\/vc_column_text][vc_row_inner][vc_column_inner width=\u00bb1\/2&#8243;][vc_column_text]\n<h2>PRODUCCIONES FOTOGR\u00c1FICAS<\/h2>\n<p>Con asesor\u00eda de imagen, Post Producci\u00f3n y Direcci\u00f3n de Fotograf\u00eda Profesional y Publicitaria:<\/p>\n<ul>\n<li>Cat\u00e1logo, Comercial, Publicitario, Productos Editoriales de Moda, Gourmet , Arquitect\u00f3nica y de local, Foto Retrato y Empresarial.<\/li>\n<li>Retoque Profesional y Post Producci\u00f3n<\/li>\n<li>Retoque Publicitario, Fotomontaje, Edici\u00f3n Fotogr\u00e1fica, etc.<\/li>\n<\/ul>\n[\/vc_column_text][\/vc_column_inner][vc_column_inner width=\u00bb1\/2&#8243;][vc_column_text]\n<h2>PRODUCCIONES DE VIDEO<\/h2>\n<p>Edici\u00f3n de Videos:<\/p>\n<ul>\n<li>Institucionales \/ Promocionales<\/li>\n<li>Entrevistas \/ Reportajes<\/li>\n<li>Cat\u00e1logos en Video<\/li>\n<li>Empresariales Especilistas en:<\/li>\n<li>Moda, Artistas, Modelos, Joyer\u00eda,<\/li>\n<li>Arquitectura, Culinario, Belleza, etc.<\/li>\n<\/ul>\n<h2>EDICION, VOZ EN OFF Y POST<\/h2>\n<ul>\n<li>Producci\u00f3n<\/li>\n<li>Edici\u00f3n de Video<\/li>\n<\/ul>\n[\/vc_column_text][\/vc_column_inner][\/vc_row_inner][\/vc_column][vc_column width=\u00bb1\/2&#8243;][vc_column_text]\n<div class=\"video-container\"><iframe loading=\"lazy\" src=\"https:\/\/www.youtube.com\/embed\/BkIRoySjQvs?autoplay=1\" width=\"560\" height=\"315\" frameborder=\"0\" allowfullscreen=\"allowfullscreen\"><\/iframe><\/div>\n[\/vc_column_text][vc_column_text] <img loading=\"lazy\" decoding=\"async\" class=\"aligncenter size-full wp-image-84\" src=\"http:\/\/www.iartmedia.com\/productora\/wp-content\/uploads\/home_banner06.jpg\" alt=\"home_banner06\" width=\"960\" height=\"644\" srcset=\"https:\/\/www.iartmedia.com\/productora\/wp-content\/uploads\/home_banner06.jpg 960w, https:\/\/www.iartmedia.com\/productora\/wp-content\/uploads\/home_banner06-300x201.jpg 300w, https:\/\/www.iartmedia.com\/productora\/wp-content\/uploads\/home_banner06-800x537.jpg 800w, https:\/\/www.iartmedia.com\/productora\/wp-content\/uploads\/home_banner06-500x335.jpg 500w\" sizes=\"(max-width: 960px) 100vw, 960px\" \/> [\/vc_column_text][\/vc_column][\/vc_row][vc_row][vc_column width=\u00bb1\/2&#8243;][vc_column_text]\n<h2>SERVICIOS DE PRODUCTORA<\/h2>\n<ul>\n<li><a class=\"link_3\" title=\"Producciones\" href=\"http:\/\/www.iartmedia.com\/productora\/producciones\/\">Producciones<\/a><\/li>\n<li><a class=\"link_3\" title=\"Fotograf\u00eda\" href=\"http:\/\/www.iartmedia.com\/productora\/fotografias\/\">Fotograf\u00edas<\/a><\/li>\n<li><a class=\"link_3\" title=\"Videos\" href=\"http:\/\/www.iartmedia.com\/productora\/videos\/\">Videos<\/a><\/li>\n<li><a class=\"link_3\" title=\"Post Producci\u00f3n\" href=\"http:\/\/www.iartmedia.com\/productora\/post-produccion\/\">Post Producci\u00f3n<\/a><\/li>\n<\/ul>\n<p>Para mas detalles de este servicio, consultas o presupuestos s\u00edrvase hacer click en estos puntos de inter\u00e9s:<\/p>\n<div style=\"text-align: center;\"><a class=\"link_1\" href=\"http:\/\/www.iartmedia.com\/portfolio\/\" target=\"_blank\" rel=\"noopener\">[Ver Portafolio]<\/a><\/div>\n<div style=\"text-align: center;\"><a class=\"link_1\" href=\"http:\/\/iartmedia.com\/catalogo\/\" target=\"_blank\" rel=\"noopener\">[Cat\u00e1logo IAM]<\/a><\/div>\n<div style=\"text-align: center;\"><a class=\"link_1\" href=\"http:\/\/iartmedia.com\/contactenos.php\" target=\"_blank\" rel=\"noopener\">[Contactenos]<\/a><\/div>\n[\/vc_column_text][\/vc_column][vc_column width=\u00bb1\/2&#8243;][vc_column_text]\n<h2>Producciones<\/h2>\n<p><a href=\"http:\/\/www.iartmedia.com\/productora\/producciones\/\"><img decoding=\"async\" class=\"alignnone size-medium wp-image-35\" src=\"http:\/\/www.iartmedia.com\/productora\/wp-content\/uploads\/inicio_1.jpg\" alt=\"inicio_1\" width=\"100%\" border=\"0\" srcset=\"https:\/\/www.iartmedia.com\/productora\/wp-content\/uploads\/inicio_1.jpg 636w, https:\/\/www.iartmedia.com\/productora\/wp-content\/uploads\/inicio_1-300x283.jpg 300w, https:\/\/www.iartmedia.com\/productora\/wp-content\/uploads\/inicio_1-500x472.jpg 500w\" sizes=\"(max-width: 636px) 100vw, 636px\" \/><\/a>[\/vc_column_text][\/vc_column][\/vc_row][vc_row][vc_column width=\u00bb1\/2&#8243;][vc_column_text]\n<h2>Fotograf\u00edas<\/h2>\n<p><a href=\"http:\/\/www.iartmedia.com\/productora\/fotografias\/\"><img decoding=\"async\" class=\"alignnone size-medium wp-image-36\" src=\"http:\/\/www.iartmedia.com\/productora\/wp-content\/uploads\/inicio_2.jpg\" alt=\"inicio_2\" width=\"100%\" srcset=\"https:\/\/www.iartmedia.com\/productora\/wp-content\/uploads\/inicio_2.jpg 636w, https:\/\/www.iartmedia.com\/productora\/wp-content\/uploads\/inicio_2-300x283.jpg 300w, https:\/\/www.iartmedia.com\/productora\/wp-content\/uploads\/inicio_2-500x472.jpg 500w\" sizes=\"(max-width: 636px) 100vw, 636px\" \/><\/a>[\/vc_column_text][\/vc_column][vc_column width=\u00bb1\/2&#8243;][vc_column_text]\n<h2>Videos<\/h2>\n<p><a href=\"http:\/\/www.iartmedia.com\/productora\/videos\/\"><img decoding=\"async\" class=\"alignnone size-medium wp-image-37\" src=\"http:\/\/www.iartmedia.com\/productora\/wp-content\/uploads\/inicio_3.jpg\" alt=\"inicio_3\" width=\"100%\" srcset=\"https:\/\/www.iartmedia.com\/productora\/wp-content\/uploads\/inicio_3.jpg 636w, https:\/\/www.iartmedia.com\/productora\/wp-content\/uploads\/inicio_3-300x283.jpg 300w, https:\/\/www.iartmedia.com\/productora\/wp-content\/uploads\/inicio_3-500x472.jpg 500w\" sizes=\"(max-width: 636px) 100vw, 636px\" \/><\/a>[\/vc_column_text][\/vc_column][\/vc_row][vc_row][vc_column][vc_column_text]\n<h2>Post-Producci\u00f3n<\/h2>\n<p><a href=\"http:\/\/www.iartmedia.com\/productora\/post-produccion\/\"><img decoding=\"async\" class=\"alignnone size-medium wp-image-38\" src=\"http:\/\/www.iartmedia.com\/productora\/wp-content\/uploads\/inicio_4.jpg\" alt=\"inicio_4\" width=\"100%\" srcset=\"https:\/\/www.iartmedia.com\/productora\/wp-content\/uploads\/inicio_4.jpg 1270w, https:\/\/www.iartmedia.com\/productora\/wp-content\/uploads\/inicio_4-300x142.jpg 300w, https:\/\/www.iartmedia.com\/productora\/wp-content\/uploads\/inicio_4-1024x484.jpg 1024w, https:\/\/www.iartmedia.com\/productora\/wp-content\/uploads\/inicio_4-800x378.jpg 800w, https:\/\/www.iartmedia.com\/productora\/wp-content\/uploads\/inicio_4-500x236.jpg 500w\" sizes=\"(max-width: 1270px) 100vw, 1270px\" \/><\/a>[\/vc_column_text][\/vc_column][\/vc_row]\n","protected":false},"excerpt":{"rendered":"<p>[vc_row][vc_column width=\u00bb1\/2&#8243;][vc_column_text] Realizamos producciones de videos y fotogr\u00e1ficas para promocionar empresas, productos, eventos, espect\u00e1culos, formaciones, etc. Somos una productora Audiovisual que nos preocupamos por producir im\u00e1genes y videos eficientes y directos, que logren crear el impacto que necesitamos comunicar, publicitar, educar, \u2026 en este sentido ofrecemos un servicio integral a las exigencias de nuestros clientes, adaptado a las nuevas tecnolog\u00edas. Contamos con un equipo consolidado y experimentado que cuida y desarrolla cada una de las fases del proceso: guion, producci\u00f3n, realizaci\u00f3n, edici\u00f3n y postproducci\u00f3n. Los productos que realizamos se adaptan f\u00e1cilmente a cualquier formato de comunicaci\u00f3n como son la difusi\u00f3n [&hellip;]<\/p>\n","protected":false},"author":1,"featured_media":0,"parent":0,"menu_order":0,"comment_status":"closed","ping_status":"open","template":"","meta":{"footnotes":""},"_links":{"self":[{"href":"https:\/\/www.iartmedia.com\/productora\/wp-json\/wp\/v2\/pages\/4"}],"collection":[{"href":"https:\/\/www.iartmedia.com\/productora\/wp-json\/wp\/v2\/pages"}],"about":[{"href":"https:\/\/www.iartmedia.com\/productora\/wp-json\/wp\/v2\/types\/page"}],"author":[{"embeddable":true,"href":"https:\/\/www.iartmedia.com\/productora\/wp-json\/wp\/v2\/users\/1"}],"replies":[{"embeddable":true,"href":"https:\/\/www.iartmedia.com\/productora\/wp-json\/wp\/v2\/comments?post=4"}],"version-history":[{"count":33,"href":"https:\/\/www.iartmedia.com\/productora\/wp-json\/wp\/v2\/pages\/4\/revisions"}],"predecessor-version":[{"id":224,"href":"https:\/\/www.iartmedia.com\/productora\/wp-json\/wp\/v2\/pages\/4\/revisions\/224"}],"wp:attachment":[{"href":"https:\/\/www.iartmedia.com\/productora\/wp-json\/wp\/v2\/media?parent=4"}],"curies":[{"name":"wp","href":"https:\/\/api.w.org\/{rel}","templated":true}]}}