{"id":6,"date":"2015-12-17T21:19:28","date_gmt":"2015-12-17T21:19:28","guid":{"rendered":"http:\/\/www.iartmedia.com\/productora\/?page_id=6"},"modified":"2015-12-18T19:20:38","modified_gmt":"2015-12-18T19:20:38","slug":"producciones","status":"publish","type":"page","link":"https:\/\/www.iartmedia.com\/productora\/producciones\/","title":{"rendered":"Producciones"},"content":{"rendered":"[vc_row][vc_column width=\u00bb1\/2&#8243;][vc_column_text]Ideas, Post Producci\u00f3n, Direcci\u00f3n de Arte, Producci\u00f3n, Styling, Estudio y todo un equipo de Profesionales a tu servicio. Para sus producciones fotogr\u00e1ficas de Video.<\/p>\n<ul>\n<li>Producciones Online.<\/li>\n<li>Producciones Fotogr\u00e1ficas: Productos, Cat\u00e1logo, Publicitarias y Campa\u00f1as Gr\u00e1ficas.<\/li>\n<li>Fotograf\u00edas de Moda y Artistas:<br \/>\nEn exclusiva con el Fot\u00f3grafo MIKE SAMA (<a href=\"http:\/\/www.MikeSama.com\" target=\"_blank\">www.MikeSama.com<\/a>)<\/li>\n<li>Producciones Videogr\u00e1ficas:<br \/>\nPre-Producci\u00f3n, Log\u00edstica, Filmaci\u00f3n, Edici\u00f3n y Post- Producci\u00f3n.<\/li>\n<li>Producci\u00f3n de Stand y Puntos de Venta.<\/li>\n<li>Producci\u00f3n total para Ferias.<\/li>\n<\/ul>\n<p>Para ver algunos de nuestros ejemplos, visite nuestro<br \/>\n<a href=\"https:\/\/www.youtube.com\/user\/iartmedia\" target=\"_blank\">canal de TV<\/a>.<\/p>\n<p>Para mas detalles de este servicio, consultas o presupuestos s\u00edrvase hacer click en estos puntos de inter\u00e9s:<\/p>\n<div style=\"text-align: center;\"><a class=\"link_1\" href=\"http:\/\/www.iartmedia.com\/portfolio\/\" target=\"_blank\">[Ver Portafolio]<\/a><\/div>\n<div style=\"text-align: center;\"><a class=\"link_1\" href=\"http:\/\/iartmedia.com\/catalogo\/\" target=\"_blank\">[Cat\u00e1logo IAM]<\/a><\/div>\n<div style=\"text-align: center;\"><a class=\"link_1\" href=\"http:\/\/iartmedia.com\/contactenos.php\" target=\"_blank\">[Contactenos]<\/a><\/div>\n[\/vc_column_text][\/vc_column][vc_column width=\u00bb1\/2&#8243;][vc_column_text]<img decoding=\"async\" class=\"aligncenter size-full wp-image-55\" src=\"http:\/\/www.iartmedia.com\/productora\/wp-content\/uploads\/producciones_baner1.jpg\" alt=\"producciones_baner1\" width=\"100%\" srcset=\"https:\/\/www.iartmedia.com\/productora\/wp-content\/uploads\/producciones_baner1.jpg 920w, https:\/\/www.iartmedia.com\/productora\/wp-content\/uploads\/producciones_baner1-252x300.jpg 252w, https:\/\/www.iartmedia.com\/productora\/wp-content\/uploads\/producciones_baner1-860x1024.jpg 860w, https:\/\/www.iartmedia.com\/productora\/wp-content\/uploads\/producciones_baner1-800x952.jpg 800w, https:\/\/www.iartmedia.com\/productora\/wp-content\/uploads\/producciones_baner1-500x595.jpg 500w\" sizes=\"(max-width: 920px) 100vw, 920px\" \/>[\/vc_column_text][\/vc_column][\/vc_row]\n","protected":false},"excerpt":{"rendered":"<p>[vc_row][vc_column width=\u00bb1\/2&#8243;][vc_column_text]Ideas, Post Producci\u00f3n, Direcci\u00f3n de Arte, Producci\u00f3n, Styling, Estudio y todo un equipo de Profesionales a tu servicio. Para sus producciones fotogr\u00e1ficas de Video. Producciones Online. Producciones Fotogr\u00e1ficas: Productos, Cat\u00e1logo, Publicitarias y Campa\u00f1as Gr\u00e1ficas. Fotograf\u00edas de Moda y Artistas: En exclusiva con el Fot\u00f3grafo MIKE SAMA (www.MikeSama.com) Producciones Videogr\u00e1ficas: Pre-Producci\u00f3n, Log\u00edstica, Filmaci\u00f3n, Edici\u00f3n y Post- Producci\u00f3n. Producci\u00f3n de Stand y Puntos de Venta. Producci\u00f3n total para Ferias. Para ver algunos de nuestros ejemplos, visite nuestro canal de TV. Para mas detalles de este servicio, consultas o presupuestos s\u00edrvase hacer click en estos puntos de inter\u00e9s: [Ver Portafolio] [Cat\u00e1logo IAM] [&hellip;]<\/p>\n","protected":false},"author":1,"featured_media":0,"parent":0,"menu_order":0,"comment_status":"closed","ping_status":"open","template":"","meta":{"footnotes":""},"_links":{"self":[{"href":"https:\/\/www.iartmedia.com\/productora\/wp-json\/wp\/v2\/pages\/6"}],"collection":[{"href":"https:\/\/www.iartmedia.com\/productora\/wp-json\/wp\/v2\/pages"}],"about":[{"href":"https:\/\/www.iartmedia.com\/productora\/wp-json\/wp\/v2\/types\/page"}],"author":[{"embeddable":true,"href":"https:\/\/www.iartmedia.com\/productora\/wp-json\/wp\/v2\/users\/1"}],"replies":[{"embeddable":true,"href":"https:\/\/www.iartmedia.com\/productora\/wp-json\/wp\/v2\/comments?post=6"}],"version-history":[{"count":3,"href":"https:\/\/www.iartmedia.com\/productora\/wp-json\/wp\/v2\/pages\/6\/revisions"}],"predecessor-version":[{"id":56,"href":"https:\/\/www.iartmedia.com\/productora\/wp-json\/wp\/v2\/pages\/6\/revisions\/56"}],"wp:attachment":[{"href":"https:\/\/www.iartmedia.com\/productora\/wp-json\/wp\/v2\/media?parent=6"}],"curies":[{"name":"wp","href":"https:\/\/api.w.org\/{rel}","templated":true}]}}