{"id":8,"date":"2015-12-17T21:19:45","date_gmt":"2015-12-17T21:19:45","guid":{"rendered":"http:\/\/www.iartmedia.com\/productora\/?page_id=8"},"modified":"2015-12-18T19:27:52","modified_gmt":"2015-12-18T19:27:52","slug":"fotografias","status":"publish","type":"page","link":"https:\/\/www.iartmedia.com\/productora\/fotografias\/","title":{"rendered":"Producciones Fotogr\u00e1ficas"},"content":{"rendered":"[vc_row][vc_column width=\u00bb1\/2&#8243;][vc_column_text]Con asesor\u00eda de imagen, Post Producci\u00f3n y Direcci\u00f3n de Arte, Especialistas en:<\/p>\n<ul>\n<li>Fotograf\u00eda Profesional y Publicitaria: Cat\u00e1logo, Comercial, Publicitario, Productos Editoriales de Moda, Gourmet, Arquitect\u00f3nica y de local, Foto Retrato y Empresarial.<\/li>\n<li>Retoque Profesional y Post Producci\u00f3n Retoque Publicitario, Fotomontaje, Edici\u00f3n Fotogr\u00e1fica, etc.<\/li>\n<\/ul>\n<p>Para mas detalles de este servicio, consultas o presupuestos s\u00edrvase hacer click en estos puntos de inter\u00e9s:<\/p>\n<div style=\"text-align: center;\"><a class=\"link_1\" href=\"http:\/\/www.iartmedia.com\/portfolio\/\" target=\"_blank\">[Ver Portafolio]<\/a><\/div>\n<div style=\"text-align: center;\"><a class=\"link_1\" href=\"http:\/\/iartmedia.com\/catalogo\/\" target=\"_blank\">[Cat\u00e1logo IAM]<\/a><\/div>\n<div style=\"text-align: center;\"><a class=\"link_1\" href=\"http:\/\/iartmedia.com\/contactenos.php\" target=\"_blank\">[Contactenos]<\/a><\/div>\n[\/vc_column_text][\/vc_column][vc_column width=\u00bb1\/2&#8243;][vc_column_text]\n<p><img decoding=\"async\" class=\"aligncenter size-full wp-image-60\" src=\"http:\/\/www.iartmedia.com\/productora\/wp-content\/uploads\/fotografias_baner1.jpg\" alt=\"fotografias_baner1\" width=\"100%\" srcset=\"https:\/\/www.iartmedia.com\/productora\/wp-content\/uploads\/fotografias_baner1.jpg 920w, https:\/\/www.iartmedia.com\/productora\/wp-content\/uploads\/fotografias_baner1-252x300.jpg 252w, https:\/\/www.iartmedia.com\/productora\/wp-content\/uploads\/fotografias_baner1-860x1024.jpg 860w, https:\/\/www.iartmedia.com\/productora\/wp-content\/uploads\/fotografias_baner1-800x952.jpg 800w, https:\/\/www.iartmedia.com\/productora\/wp-content\/uploads\/fotografias_baner1-500x595.jpg 500w\" sizes=\"(max-width: 920px) 100vw, 920px\" \/><\/p>\n[\/vc_column_text][\/vc_column][\/vc_row]\n","protected":false},"excerpt":{"rendered":"<p>[vc_row][vc_column width=\u00bb1\/2&#8243;][vc_column_text]Con asesor\u00eda de imagen, Post Producci\u00f3n y Direcci\u00f3n de Arte, Especialistas en: Fotograf\u00eda Profesional y Publicitaria: Cat\u00e1logo, Comercial, Publicitario, Productos Editoriales de Moda, Gourmet, Arquitect\u00f3nica y de local, Foto Retrato y Empresarial. Retoque Profesional y Post Producci\u00f3n Retoque Publicitario, Fotomontaje, Edici\u00f3n Fotogr\u00e1fica, etc. Para mas detalles de este servicio, consultas o presupuestos s\u00edrvase hacer click en estos puntos de inter\u00e9s: [Ver Portafolio] [Cat\u00e1logo IAM] [Contactenos] [\/vc_column_text][\/vc_column][vc_column width=\u00bb1\/2&#8243;][vc_column_text] [\/vc_column_text][\/vc_column][\/vc_row]<\/p>\n","protected":false},"author":1,"featured_media":0,"parent":0,"menu_order":0,"comment_status":"closed","ping_status":"open","template":"","meta":{"footnotes":""},"_links":{"self":[{"href":"https:\/\/www.iartmedia.com\/productora\/wp-json\/wp\/v2\/pages\/8"}],"collection":[{"href":"https:\/\/www.iartmedia.com\/productora\/wp-json\/wp\/v2\/pages"}],"about":[{"href":"https:\/\/www.iartmedia.com\/productora\/wp-json\/wp\/v2\/types\/page"}],"author":[{"embeddable":true,"href":"https:\/\/www.iartmedia.com\/productora\/wp-json\/wp\/v2\/users\/1"}],"replies":[{"embeddable":true,"href":"https:\/\/www.iartmedia.com\/productora\/wp-json\/wp\/v2\/comments?post=8"}],"version-history":[{"count":4,"href":"https:\/\/www.iartmedia.com\/productora\/wp-json\/wp\/v2\/pages\/8\/revisions"}],"predecessor-version":[{"id":58,"href":"https:\/\/www.iartmedia.com\/productora\/wp-json\/wp\/v2\/pages\/8\/revisions\/58"}],"wp:attachment":[{"href":"https:\/\/www.iartmedia.com\/productora\/wp-json\/wp\/v2\/media?parent=8"}],"curies":[{"name":"wp","href":"https:\/\/api.w.org\/{rel}","templated":true}]}}